{"id":195,"date":"2016-09-13T15:05:08","date_gmt":"2016-09-13T18:05:08","guid":{"rendered":"http:\/\/www.glittermodel.com.br\/?page_id=195"},"modified":"2026-05-09T15:28:18","modified_gmt":"2026-05-09T18:28:18","slug":"agencia","status":"publish","type":"page","link":"https:\/\/www.glittermodel.com.br\/es\/","title":{"rendered":"La Agencia"},"content":{"rendered":"<p>Glitter Model es una de las agencias de modelos m\u00e1s grandes y populares que existen la cual ha lanzado numerosas Top Models al estrellato!<\/p>\n<p>Nosotros acompa\u00f1amos, orientamos y gestionamos las carreras de las modelos en el mercado nacional e internacional. Valoramos la personalidad de nuestras modelos y creemos que una modelo no puede ser s\u00f3lo una cara bonita en el sentido cl\u00e1sico de la belleza, pero hay que tener estilo, actitud, personalidad, fuerza, car\u00e1cter y belleza con caracter\u00edsticas sorprendentes que veneran sus ra\u00edces.<\/p>\n<p>Glitter Model es m\u00e1s que una agencia de modelaje, es una asociaci\u00f3n para el \u00e9xito. No es suficiente apenas descubrir nuevas caras, sino contribuir a desarrollar todo su potencial, en los \u00e1mbitos profesionales y personales.<\/p>\n<p>Los adolescentes necesitan ser valorados, acogidos y respetados para que puedan encontrar su brillo interior.<\/p>\n<p>\u201cToda chica tiene su brillo y juntos, vamos a descubrir el tuyo !!!!\u201d<\/p>\n<p>Jonathan \u2013 y equipo<\/p>\n","protected":false},"excerpt":{"rendered":"<p>Glitter Model es una de las agencias de modelos m\u00e1s grandes y populares que existen la cual ha lanzado numerosas Top Models al estrellato! Nosotros acompa\u00f1amos, orientamos y gestionamos las carreras de las modelos en el mercado nacional e internacional. Valoramos la personalidad de nuestras modelos y creemos que una modelo no puede ser s\u00f3lo [&hellip;]<\/p>\n","protected":false},"author":3,"featured_media":2062,"parent":0,"menu_order":0,"comment_status":"closed","ping_status":"closed","template":"","meta":{"footnotes":""},"class_list":["post-195","page","type-page","status-publish","has-post-thumbnail","hentry"],"translation":{"provider":"WPGlobus","version":"3.0.0","language":"es","enabled_languages":["br","en","es"],"languages":{"br":{"title":true,"content":true,"excerpt":false},"en":{"title":true,"content":true,"excerpt":false},"es":{"title":true,"content":true,"excerpt":false}}},"_links":{"self":[{"href":"https:\/\/www.glittermodel.com.br\/es\/wp-json\/wp\/v2\/pages\/195","targetHints":{"allow":["GET"]}}],"collection":[{"href":"https:\/\/www.glittermodel.com.br\/es\/wp-json\/wp\/v2\/pages"}],"about":[{"href":"https:\/\/www.glittermodel.com.br\/es\/wp-json\/wp\/v2\/types\/page"}],"author":[{"embeddable":true,"href":"https:\/\/www.glittermodel.com.br\/es\/wp-json\/wp\/v2\/users\/3"}],"replies":[{"embeddable":true,"href":"https:\/\/www.glittermodel.com.br\/es\/wp-json\/wp\/v2\/comments?post=195"}],"version-history":[{"count":22,"href":"https:\/\/www.glittermodel.com.br\/es\/wp-json\/wp\/v2\/pages\/195\/revisions"}],"predecessor-version":[{"id":2119,"href":"https:\/\/www.glittermodel.com.br\/es\/wp-json\/wp\/v2\/pages\/195\/revisions\/2119"}],"wp:featuredmedia":[{"embeddable":true,"href":"https:\/\/www.glittermodel.com.br\/es\/wp-json\/wp\/v2\/media\/2062"}],"wp:attachment":[{"href":"https:\/\/www.glittermodel.com.br\/es\/wp-json\/wp\/v2\/media?parent=195"}],"curies":[{"name":"wp","href":"https:\/\/api.w.org\/{rel}","templated":true}]}}